{"id":6082,"date":"2020-11-03T16:35:18","date_gmt":"2020-11-03T15:35:18","guid":{"rendered":"https:\/\/www.deutsche-bauvermittlung.de\/blog\/?page_id=6082"},"modified":"2026-02-27T10:46:58","modified_gmt":"2026-02-27T09:46:58","slug":"agb","status":"publish","type":"page","link":"https:\/\/www.deutsche-bauvermittlung.de\/blog\/agb\/","title":{"rendered":"AGB"},"content":{"rendered":"\n<h4 class=\"wp-block-heading\">Allgemeine Gesch\u00e4ftsbedingungen und Widerrufsbelehrung (Stand: 01.03.2026)<\/h4>\n\n\n\n<p>Die \u201eDeutsche Bauvermittlung\u201c ist ein Service der Epsilon Operations GmbH &#8211; vertreten durch Mathis L\u00fcbbers, Patrick Mertz, Andr\u00e9 Jonker und Joris B\u00fcter, Hagenstra\u00dfe 41 in 48529 Nordhorn &#8211; und bietet unter\u00a0www.deutsche-bauvermittlung.de ein Online-Portal f\u00fcr Angebotsvergleichsanfragen.<\/p>\n\n\n\n<p>Besucher k\u00f6nnen Angebotsvergleichsanfragen f\u00fcr Produkte und Dienstleistungen in Auftrag geben. Der Besucher wird somit als Interessent bezeichnet. Die Deutsche Bauvermittlung&#8220; sucht auf Basis der erhobenen Daten passende Anbieter und vermittelt die Interessenten an Anbieter, nachdem diese der Vermittlung zugestimmt haben. Sie werden in diesem Fall als Angebotsteller bezeichnet.<\/p>\n\n\n\n<p>Diese allgemeinen Gesch\u00e4ftsbedingungen sind f\u00fcr das Vertragsverh\u00e4ltnis zwischen der&nbsp;Deutschen Bauvermittlung und dem Interessenten, sowie f\u00fcr das Vertragsverh\u00e4ltnis&nbsp;zwischen dem Interessenten und dem Anbieter repr\u00e4sentativ.&nbsp;<\/p>\n\n\n\n<p>In dieser AGB wird von der m\u00e4nnlichen Anrede gesprochen. Diese ber\u00fccksichtigt auch die&nbsp;weibliche Anrede und diese obliegen den gleichen Gesch\u00e4ftsbedingungen.&nbsp;<\/p>\n\n\n\n<h2 class=\"wp-block-heading\">Allgemeine Bestimmungen der AGB&nbsp;<\/h2>\n\n\n\n<p><strong>1. Geltungsbereich&nbsp;<\/strong><\/p>\n\n\n\n<p>1.1 Zum Zeitpunkt der Anfrage sind die nachfolgenden allgemeinen Gesch\u00e4ftsbedingungen&nbsp;(nachfolgend \u201eABG\u201c) g\u00fcltig. Sofern nicht ausdr\u00fccklich durch die Deutsche Bauvermittlung&nbsp;zugestimmt, k\u00f6nnen keine abweichenden Bedingungen des Nutzers gelten gemacht&nbsp;werden. Eine vom Dritten nicht zugestimmte ABG, stellt keine automatische Zustimmung&nbsp;dessen AGB dar.&nbsp;<\/p>\n\n\n\n<p>1.2 Ein Verbraucher ist laut der AGB und Widerrufsbelehrung jede nat\u00fcrliche Person, die ein&nbsp;Rechtsgesch\u00e4ft zu einem Zwecke abschlie\u00dft, der \u00fcberwiegend weder ihrer gewerblichen&nbsp;noch ihrer selbstst\u00e4ndigen beruflichen T\u00e4tigkeit zugerechnet werden kann (\u00a7 13 BGB).&nbsp;Unternehmer ist eine nat\u00fcrliche oder juristische Person oder eine rechtsf\u00e4hige&nbsp;Personengesellschaft, die bei Abschluss eines Rechtsgesch\u00e4fts in Aus\u00fcbung ihrer&nbsp;gewerblichen oder selbstst\u00e4ndigen beruflichen T\u00e4tigkeit handelt (\u00a714 I BGB).&nbsp;<\/p>\n\n\n\n<p><strong>2. Stellen der Angebotsvergleichsanfrage<\/strong>&nbsp;<\/p>\n\n\n\n<p>2.1 Erteilt ein Interessent bei www.deutsche-bauvermittlung.de eine Angebotsanfrage nach&nbsp;einem Produkt oder einer Dienstleistung, kommt ein Vermittlungsvertrag \u00fcber die&nbsp;Angebotsanfrage zustande. Bis zu drei Angebotsvermittlung werden pro Angebotsanfrage&nbsp;verkauft. Eine Angebotsanfrage ist kostenlos und unverbindlich.&nbsp;<\/p>\n\n\n\n<p>2.2 Nach der Angebotsanfrage kontaktiert ein Berater den Angebotssteller, um die&nbsp;Angebotsanfrage zu spezifizieren. Daraufhin wird die Deutsche Bauvermittlung Zeit&nbsp;einger\u00e4umt die passenden Anbieter zu kontaktieren, die bei erfolgreicher Suche via E-Mail&nbsp;dem Angebotssteller vorgestellt werden. Der Angebotssteller kann die Deutsche&nbsp;Bauvermittlung jederzeit kontaktieren, dass keine Angebote gew\u00fcnscht werden.&nbsp;<\/p>\n\n\n\n<p><strong>3. Erhalt der Angebote&nbsp;<\/strong><\/p>\n\n\n\n<p>3.1 Der Angebotssteller erh\u00e4lt Angebote von Anbietern, die mit dem Angebotssteller&nbsp;Kontakt aufnehmen, durch Telefon, E-Mail, einem Termin oder \u00e4hnlichem, um die&nbsp;Anforderungen der Angebotsanfrage n\u00e4her zu erl\u00e4utern um dadurch ein budgetgerechtes&nbsp;Angebot abzugeben.&nbsp;<\/p>\n\n\n\n<p>3.2 Die Deutsche Bauvermittlung versucht durch diverse Ma\u00dfnahmen, dass der&nbsp;Angebotssteller innerhalb kurzer Zeit bis zu drei repr\u00e4sentative Angebot erh\u00e4lt. Die genau&nbsp;Bearbeitungszeit eines Angebots kann durch z.B.: die Komplexit\u00e4t der T\u00e4tigkeit, die&nbsp;Erreichbarkeit des Interessenten, die Bearbeitungszeit des Anbieters etc. nicht definiert&nbsp;werden.&nbsp;<\/p>\n\n\n\n<p>3.3 Die Anbieter sind Netzwerkmitglieder der Deutschen Bauvermittlung und m\u00fcssen&nbsp;Richtlinien der Handwerkskammern, Standesorganisationen und \u00e4hnlichen Institutionen und&nbsp;Beh\u00f6rden einhalten. Zus\u00e4tzlich d\u00fcrfen die Anbieter nur Produkte und Dienstleistungen&nbsp;anbieten, zu denen dieser rechtlich zugelassen ist und die n\u00f6tigen Zertifikate und&nbsp;Zulassungen vorweisen kann. Die Deutsche Bauvermittlung pr\u00fcft die Netzwerkmitglieder.&nbsp;Es wird nicht garantiert, dass die Anbieter f\u00fcr die Auftr\u00e4ge geeignet sind. Diese muss der&nbsp;Angebotssteller selbstst\u00e4ndig pr\u00fcfen, so, als w\u00fcrde der Angebotssteller ohne die Deutsche&nbsp;Bauvermittlung Angebote einholen.&nbsp;<\/p>\n\n\n\n<p>3.4 Die Deutsche Bauvermittlung tritt bei einer Angebotsvergabe zwischen Interessent und&nbsp;Anbieter weder als Vertragspartner, noch, wird die Deutsche Bauvermittlung in irgendeiner&nbsp;Form an der Auftragsvergabe beteiligt. Die Deutsche Bauvermittlung ist losgel\u00f6st von der&nbsp;Ausf\u00fchrung des Angebots. Der Interessent darf somit frei entscheiden, welche Angebote f\u00fcr Ihn infrage kommen und hat freie Entscheidung welche Anbieter Ihm zusprechen.<\/p>\n\n\n\n<p><strong>4. Weitergabe von Daten&nbsp;<\/strong><\/p>\n\n\n\n<p>4.1 Eine Weitervergabe der Kontakt- und Anfragedaten des Interessenten erfolgt nur an&nbsp;Anbieter, die sich f\u00fcr eine Angebotsvergabe entschieden haben. Der Interessent muss dies&nbsp;vorerst best\u00e4tigen. Die Daten werden nicht an Dritte vervielf\u00e4ltigt und weitergegeben. Die&nbsp;Datenerhebung, Datenverarbeitung und Datenspeicherung erfolgt nach den Vorgaben des deutschen Datenschutzrechts (www.deutsche-bauvermittlung.de\/blog\/impressum).&nbsp;<\/p>\n\n\n\n<p><strong>5. Die Pflichten des Interessenten&nbsp;<\/strong><\/p>\n\n\n\n<p>5.1 Der Interessent kann sowohl eine nat\u00fcrliche als auch eine juristische Person sein. Die&nbsp;Person muss unbeschr\u00e4nkt gesch\u00e4ftsf\u00e4hig sein. Bei einer nat\u00fcrlichen Person hei\u00dft dies,&nbsp;dass diese Person zum Beispiel mindestens 18 Jahre alt sein muss. Bei einer juristischen&nbsp;Person muss z.B.: eine vertretungsberechtigte Person angegeben werden.&nbsp;<\/p>\n\n\n\n<p>5.2 Der Service, den die Deutsche Bauvermittlung stellt, ist f\u00fcr den Interessenten kostenlos.\u00a0Die Deutsche Bauvermittlung h\u00e4lt sich ein, den Interessenten nach Bewertungen und\u00a0nach dem Zustandekommen eines Vertrages zu fragen.<\/p>\n\n\n\n<p><strong>6. Die Pflichten der Angebotssteller<\/strong><\/p>\n\n\n\n<p><strong>\u00a0<\/strong>Gibt der Angebotsteller nach Erhalt der Angebote laut Ziffer 3.1 ein Angebot gegen\u00fcber dem Interessenten ab, ist dies f\u00fcr den Angebotsteller, unbeschadet einer etwaigen Auftragsvergabe, gegen\u00fcber der \u201eDeutschen Bauvermittlung&#8220; kostenpflichtig. Die entsprechende Verg\u00fctung f\u00fcr den Verkauf der entsprechenden Angebotsvermittlung wird dem Angebotsteller im Rahmen der verbindlichen Buchung zuz\u00fcglich der gesetzlichen Mehrwertsteuer mitgeteilt. Diese h\u00e4ngt von dem jeweils konkreten Auftrag ab und wird insoweit im Folgemonat durch eine entsprechende Sammelrechnung der \u201eDeutschen Bauvermittlung&#8220; gegen\u00fcber dem Angebotsteller abgerechnet. Da die Abrechnung der jeweiligen Angebotsvermittlungen monatlich im Nachhinein erfolgt, wird zwischen der \u201e Deutschen Bauvermittlung&#8220; und dem Angebotsteller vereinbart, dass ein konkretes Zahlungsziel von 10 Tagen nach Erhalt der Rechnung besteht, soweit es sich bei dem Angebotsteller, wie unter 3.3 und 1.2 angegeben, um einen Unternehmer nach \u00a7 1 4 Abs. 1 BGB handelt. Abweichend von diesem Regelfall gilt f\u00fcr den Fall, dass es sich bei dem Angebotsteller ausnahmsweise um eine rein nat\u00fcrliche Person handelt, die gesetzliche Zahlungsfristvon 30 Tagen.<\/p>\n\n\n\n<p>6.1 Bei \u00dcberschreitung des Zahlungsziels tritt automatisch Verzug ein. Gegen\u00fcber dem jeweiligen Angebotsteller gilt der gesetzliche Verzugszinssatz, wobei darauf hingewiesen wird, dass in Ansehung der Ziffer 1.2 dieser, soweit es sich bei dem um einen Unternehmer handelt, 9%-Punkte \u00fcber den jeweils g\u00fcltigen Basiszinssatz betr\u00e4gt. Hinzu treten im Falle des Verzuges Mahnkosten zur H\u00f6he von 5,00 \u20ac pro Mahnung. Die \u201eDeutsche Bauvermittlung&#8220; beh\u00e4lt sich vor, abweichend vom gesetzlichen Zinssatz einen h\u00f6heren Zinssatz einzufordern, sofern im Einzelfall h\u00f6here Verzugszinsen durch die Inanspruchnahme eines Bankkredites entstehen. Ferner beh\u00e4lt sich die \u201eDeutsche Bauvermittlung&#8220; vor, im Falle umfangreicher Recherchen im Mahnwesen h\u00f6here Mahnkosten gegen\u00fcber dem Angebotsteller auf entsprechenden Nachweis zu beanspruchen. <\/p>\n\n\n\n<p>6.2 Die \u201eDeutsche Bauvermittlung &#8220; weist gegen\u00fcber dem Angebotsteller darauf hin, dass im Falle des Verzuges auch die M\u00f6glichkeit der Einleitung eines direkten Inkassos besteht.<\/p>\n\n\n\n<p><strong>7. Gew\u00e4hrleistung und Leistungsbeschr\u00e4nkung\u00a0<\/strong><\/p>\n\n\n\n<p>7.1 Die Deutsche Bauvermittlung kann nicht f\u00fcr ein Zustandekommen eines Vertrags oder\u00a0f\u00fcr eine ordentliche Auftrags- und Vertragsdurchf\u00fchrung verantwortlich gemacht werden.\u00a0Die Deutsche Bauvermittlung kann ebenfalls nicht gew\u00e4hrleisten, dass es ausreichend oder\u00a0\u00fcberhaupt Anbieter f\u00fcr eine Anfrage gibt. Zus\u00e4tzlich kann die Deutsche Bauvermittlung\u00a0nicht gew\u00e4hrleisten, dass Anbieter ein Angebot abgeben.\u00a0<\/p>\n\n\n\n<p>7.2 Die Deutsche Bauvermittlung ist nicht f\u00fcr Pflichtverletzungen, die sich im Rahmen eines\u00a0zustandekommenden Schuldverh\u00e4ltnis&#8216; zwischen Interessent und Anbieter ergeben,\u00a0verantwortlich.\u00a0<\/p>\n\n\n\n<p><strong>8. Haftungsbeschr\u00e4nkung<\/strong><\/p>\n\n\n\n<p>F\u00fcr eine Haftung auf Schadensersatz gelten unbeschadet der sonstigen gesetzlichen&nbsp;Anspruchsvoraussetzungen folgende Haftungsausschl\u00fcsse und -begrenzungen.&nbsp;<\/p>\n\n\n\n<p>8.1 Die Deutsche Bauvermittlung haftet unbeschr\u00e4nkt, soweit die Schadensursache auf\u00a0Vorsatz oder grober Fahrl\u00e4ssigkeit beruht. Ferner haftet die Deutsche Bauvermittlung f\u00fcr\u00a0die leicht fahrl\u00e4ssige Verletzung von wesentlichen Pflichten, deren Verletzung die\u00a0Erreichung des Vertragszwecks gef\u00e4hrdet, oder f\u00fcr die Verletzung von Pflichten, deren Erf\u00fcllung die ordnungsgem\u00e4\u00dfe Durchf\u00fchrung des Vertrages \u00fcberhaupt erst erm\u00f6glicht und\u00a0auf deren Einhaltung der Nutzer regelm\u00e4\u00dfig vertraut. In diesem Fall haftet die Deutsche\u00a0Bauvermittlung jedoch nur f\u00fcr den vorhersehbaren, vertragstypischen Schaden. Die\u00a0Deutsche Bauvermittlung haftet nicht f\u00fcr die leicht fahrl\u00e4ssige Verletzung anderer als der in\u00a0den vorstehenden S\u00e4tzen genannten P\ufb02ichten.\u00a0<\/p>\n\n\n\n<p>8.2 Die vorstehenden Haftungsbeschr\u00e4nkungen gelten nicht bei Verletzung von Leben,\u00a0K\u00f6rper und Gesundheit, f\u00fcr einen Mangel nach \u00dcbernahme einer Garantie f\u00fcr die\u00a0Beschaffenheit des Produktes und bei arglistig verschwiegenen M\u00e4ngeln. Die Haftung nach\u00a0dem Produkthaftungsgesetz bleibt unber\u00fchrt.\u00a0<\/p>\n\n\n\n<p>8.3 Soweit die Haftung von der Deutschen Bauvermittlung ausgeschlossen oder beschr\u00e4nkt\u00a0ist, gilt dies auch f\u00fcr die pers\u00f6nliche Haftung von Arbeitnehmern, Vertretern und\u00a0Erf\u00fcllungsgehilfen.\u00a0<\/p>\n\n\n\n<p><strong>9. Datenschutz\u00a0<\/strong><\/p>\n\n\n\n<p>9.1 Die Deutsche Bauvermittlung verarbeiten personenbezogene Daten der Nutzer\u00a0zweckgebunden und gem\u00e4\u00df den gesetzlichen Bestimmungen.\u00a0<\/p>\n\n\n\n<p>9.2 Der Kunde hat das Recht, auf Antrag unentgeltlich Auskunft zu erhalten \u00fcber die\u00a0personenbezogenen Daten, die \u00fcber ihn gespeichert wurden. Zus\u00e4tzlich hat er das Recht\u00a0auf Berichtigung unrichtiger Daten, Sperrung und L\u00f6schung seiner personenbezogenen\u00a0Daten, soweit keine gesetzliche Aufbewahrungsp\ufb02icht entgegensteht. Weitere Angaben zum Datenschutz unter https:\/\/www.deutsche-bauvermittlung.de\/blog\/datenschutz\/<\/p>\n\n\n\n<p><strong>10. Schlussbestimmungen\u00a0<\/strong><\/p>\n\n\n\n<p>10.1 Gerichtsstand und Erf\u00fcllungsort ist der Sitz von der Deutschen Bauvermittlung, wenn der\u00a0Kunde Kaufmann, juristische Person des \u00f6ffentlichen Rechts oder \u00f6ffentlich-rechtliches\u00a0Sonderverm\u00f6gen ist.\u00a0<\/p>\n\n\n\n<p>10.2 Es gilt das Recht der Bundesrepublik Deutschland, solange dem keine zwingenden\u00a0Verbraucherschutzvorschriften entgegenstehen.<br><\/p>\n","protected":false},"excerpt":{"rendered":"<p>Allgemeine Gesch\u00e4ftsbedingungen und Widerrufsbelehrung (Stand: 01.03.2026) Die \u201eDeutsche Bauvermittlung\u201c ist ein Service der Epsilon Operations GmbH &#8211; vertreten durch Mathis L\u00fcbbers, Patrick Mertz, Andr\u00e9 Jonker und Joris B\u00fcter, Hagenstra\u00dfe 41 in 48529 Nordhorn &#8211; und bietet unter\u00a0www.deutsche-bauvermittlung.de ein Online-Portal f\u00fcr Angebotsvergleichsanfragen. Besucher k\u00f6nnen Angebotsvergleichsanfragen f\u00fcr Produkte und Dienstleistungen in Auftrag geben. Der Besucher wird somit [&hellip;]<\/p>\n","protected":false},"author":1,"featured_media":0,"parent":0,"menu_order":0,"comment_status":"closed","ping_status":"closed","template":"","meta":{"_acf_changed":false,"footnotes":""},"class_list":["post-6082","page","type-page","status-publish","hentry"],"acf":[],"yoast_head":"<!-- This site is optimized with the Yoast SEO plugin v27.3 - https:\/\/yoast.com\/product\/yoast-seo-wordpress\/ -->\n<title>AGB - Deutsche Bauvermittlung<\/title>\n<meta name=\"robots\" content=\"index, follow, max-snippet:-1, max-image-preview:large, max-video-preview:-1\" \/>\n<link rel=\"canonical\" href=\"https:\/\/www.deutsche-bauvermittlung.de\/blog\/agb\/\" \/>\n<meta property=\"og:locale\" content=\"de_DE\" \/>\n<meta property=\"og:type\" content=\"article\" \/>\n<meta property=\"og:title\" content=\"AGB - Deutsche Bauvermittlung\" \/>\n<meta property=\"og:description\" content=\"Allgemeine Gesch\u00e4ftsbedingungen und Widerrufsbelehrung (Stand: 01.03.2026) Die \u201eDeutsche Bauvermittlung\u201c ist ein Service der Epsilon Operations GmbH &#8211; vertreten durch Mathis L\u00fcbbers, Patrick Mertz, Andr\u00e9 Jonker und Joris B\u00fcter, Hagenstra\u00dfe 41 in 48529 Nordhorn &#8211; und bietet unter\u00a0www.deutsche-bauvermittlung.de ein Online-Portal f\u00fcr Angebotsvergleichsanfragen. Besucher k\u00f6nnen Angebotsvergleichsanfragen f\u00fcr Produkte und Dienstleistungen in Auftrag geben. Der Besucher wird somit [&hellip;]\" \/>\n<meta property=\"og:url\" content=\"https:\/\/www.deutsche-bauvermittlung.de\/blog\/agb\/\" \/>\n<meta property=\"og:site_name\" content=\"Deutsche Bauvermittlung\" \/>\n<meta property=\"article:modified_time\" content=\"2026-02-27T09:46:58+00:00\" \/>\n<meta name=\"twitter:card\" content=\"summary_large_image\" \/>\n<meta name=\"twitter:label1\" content=\"Gesch\u00e4tzte Lesezeit\" \/>\n\t<meta name=\"twitter:data1\" content=\"8\u00a0Minuten\" \/>\n<script type=\"application\/ld+json\" class=\"yoast-schema-graph\">{\"@context\":\"https:\\\/\\\/schema.org\",\"@graph\":[{\"@type\":\"WebPage\",\"@id\":\"https:\\\/\\\/www.deutsche-bauvermittlung.de\\\/blog\\\/agb\\\/\",\"url\":\"https:\\\/\\\/www.deutsche-bauvermittlung.de\\\/blog\\\/agb\\\/\",\"name\":\"AGB - Deutsche Bauvermittlung\",\"isPartOf\":{\"@id\":\"https:\\\/\\\/www.deutsche-bauvermittlung.de\\\/blog\\\/#website\"},\"datePublished\":\"2020-11-03T15:35:18+00:00\",\"dateModified\":\"2026-02-27T09:46:58+00:00\",\"breadcrumb\":{\"@id\":\"https:\\\/\\\/www.deutsche-bauvermittlung.de\\\/blog\\\/agb\\\/#breadcrumb\"},\"inLanguage\":\"de\",\"potentialAction\":[{\"@type\":\"ReadAction\",\"target\":[\"https:\\\/\\\/www.deutsche-bauvermittlung.de\\\/blog\\\/agb\\\/\"]}]},{\"@type\":\"BreadcrumbList\",\"@id\":\"https:\\\/\\\/www.deutsche-bauvermittlung.de\\\/blog\\\/agb\\\/#breadcrumb\",\"itemListElement\":[{\"@type\":\"ListItem\",\"position\":1,\"name\":\"Startseite\",\"item\":\"https:\\\/\\\/www.deutsche-bauvermittlung.de\\\/blog\\\/\"},{\"@type\":\"ListItem\",\"position\":2,\"name\":\"AGB\"}]},{\"@type\":\"WebSite\",\"@id\":\"https:\\\/\\\/www.deutsche-bauvermittlung.de\\\/blog\\\/#website\",\"url\":\"https:\\\/\\\/www.deutsche-bauvermittlung.de\\\/blog\\\/\",\"name\":\"Deutsche Bauvermittlung\",\"description\":\"Blog\",\"publisher\":{\"@id\":\"https:\\\/\\\/www.deutsche-bauvermittlung.de\\\/blog\\\/#organization\"},\"potentialAction\":[{\"@type\":\"SearchAction\",\"target\":{\"@type\":\"EntryPoint\",\"urlTemplate\":\"https:\\\/\\\/www.deutsche-bauvermittlung.de\\\/blog\\\/?s={search_term_string}\"},\"query-input\":{\"@type\":\"PropertyValueSpecification\",\"valueRequired\":true,\"valueName\":\"search_term_string\"}}],\"inLanguage\":\"de\"},{\"@type\":\"Organization\",\"@id\":\"https:\\\/\\\/www.deutsche-bauvermittlung.de\\\/blog\\\/#organization\",\"name\":\"Deutsche Bauvermittlung\",\"url\":\"https:\\\/\\\/www.deutsche-bauvermittlung.de\\\/blog\\\/\",\"logo\":{\"@type\":\"ImageObject\",\"inLanguage\":\"de\",\"@id\":\"https:\\\/\\\/www.deutsche-bauvermittlung.de\\\/blog\\\/#\\\/schema\\\/logo\\\/image\\\/\",\"url\":\"https:\\\/\\\/www.deutsche-bauvermittlung.de\\\/blog\\\/wp-content\\\/uploads\\\/2017\\\/01\\\/logo_80px.png\",\"contentUrl\":\"https:\\\/\\\/www.deutsche-bauvermittlung.de\\\/blog\\\/wp-content\\\/uploads\\\/2017\\\/01\\\/logo_80px.png\",\"width\":414,\"height\":80,\"caption\":\"Deutsche Bauvermittlung\"},\"image\":{\"@id\":\"https:\\\/\\\/www.deutsche-bauvermittlung.de\\\/blog\\\/#\\\/schema\\\/logo\\\/image\\\/\"},\"sameAs\":[\"https:\\\/\\\/www.youtube.com\\\/channel\\\/UC34f2t0GUSiJkw-WVCBClEg\"]}]}<\/script>\n<!-- \/ Yoast SEO plugin. -->","yoast_head_json":{"title":"AGB - Deutsche Bauvermittlung","robots":{"index":"index","follow":"follow","max-snippet":"max-snippet:-1","max-image-preview":"max-image-preview:large","max-video-preview":"max-video-preview:-1"},"canonical":"https:\/\/www.deutsche-bauvermittlung.de\/blog\/agb\/","og_locale":"de_DE","og_type":"article","og_title":"AGB - Deutsche Bauvermittlung","og_description":"Allgemeine Gesch\u00e4ftsbedingungen und Widerrufsbelehrung (Stand: 01.03.2026) Die \u201eDeutsche Bauvermittlung\u201c ist ein Service der Epsilon Operations GmbH &#8211; vertreten durch Mathis L\u00fcbbers, Patrick Mertz, Andr\u00e9 Jonker und Joris B\u00fcter, Hagenstra\u00dfe 41 in 48529 Nordhorn &#8211; und bietet unter\u00a0www.deutsche-bauvermittlung.de ein Online-Portal f\u00fcr Angebotsvergleichsanfragen. Besucher k\u00f6nnen Angebotsvergleichsanfragen f\u00fcr Produkte und Dienstleistungen in Auftrag geben. Der Besucher wird somit [&hellip;]","og_url":"https:\/\/www.deutsche-bauvermittlung.de\/blog\/agb\/","og_site_name":"Deutsche Bauvermittlung","article_modified_time":"2026-02-27T09:46:58+00:00","twitter_card":"summary_large_image","twitter_misc":{"Gesch\u00e4tzte Lesezeit":"8\u00a0Minuten"},"schema":{"@context":"https:\/\/schema.org","@graph":[{"@type":"WebPage","@id":"https:\/\/www.deutsche-bauvermittlung.de\/blog\/agb\/","url":"https:\/\/www.deutsche-bauvermittlung.de\/blog\/agb\/","name":"AGB - Deutsche Bauvermittlung","isPartOf":{"@id":"https:\/\/www.deutsche-bauvermittlung.de\/blog\/#website"},"datePublished":"2020-11-03T15:35:18+00:00","dateModified":"2026-02-27T09:46:58+00:00","breadcrumb":{"@id":"https:\/\/www.deutsche-bauvermittlung.de\/blog\/agb\/#breadcrumb"},"inLanguage":"de","potentialAction":[{"@type":"ReadAction","target":["https:\/\/www.deutsche-bauvermittlung.de\/blog\/agb\/"]}]},{"@type":"BreadcrumbList","@id":"https:\/\/www.deutsche-bauvermittlung.de\/blog\/agb\/#breadcrumb","itemListElement":[{"@type":"ListItem","position":1,"name":"Startseite","item":"https:\/\/www.deutsche-bauvermittlung.de\/blog\/"},{"@type":"ListItem","position":2,"name":"AGB"}]},{"@type":"WebSite","@id":"https:\/\/www.deutsche-bauvermittlung.de\/blog\/#website","url":"https:\/\/www.deutsche-bauvermittlung.de\/blog\/","name":"Deutsche Bauvermittlung","description":"Blog","publisher":{"@id":"https:\/\/www.deutsche-bauvermittlung.de\/blog\/#organization"},"potentialAction":[{"@type":"SearchAction","target":{"@type":"EntryPoint","urlTemplate":"https:\/\/www.deutsche-bauvermittlung.de\/blog\/?s={search_term_string}"},"query-input":{"@type":"PropertyValueSpecification","valueRequired":true,"valueName":"search_term_string"}}],"inLanguage":"de"},{"@type":"Organization","@id":"https:\/\/www.deutsche-bauvermittlung.de\/blog\/#organization","name":"Deutsche Bauvermittlung","url":"https:\/\/www.deutsche-bauvermittlung.de\/blog\/","logo":{"@type":"ImageObject","inLanguage":"de","@id":"https:\/\/www.deutsche-bauvermittlung.de\/blog\/#\/schema\/logo\/image\/","url":"https:\/\/www.deutsche-bauvermittlung.de\/blog\/wp-content\/uploads\/2017\/01\/logo_80px.png","contentUrl":"https:\/\/www.deutsche-bauvermittlung.de\/blog\/wp-content\/uploads\/2017\/01\/logo_80px.png","width":414,"height":80,"caption":"Deutsche Bauvermittlung"},"image":{"@id":"https:\/\/www.deutsche-bauvermittlung.de\/blog\/#\/schema\/logo\/image\/"},"sameAs":["https:\/\/www.youtube.com\/channel\/UC34f2t0GUSiJkw-WVCBClEg"]}]}},"brizy_media":[],"_links":{"self":[{"href":"https:\/\/www.deutsche-bauvermittlung.de\/blog\/wp-json\/wp\/v2\/pages\/6082","targetHints":{"allow":["GET"]}}],"collection":[{"href":"https:\/\/www.deutsche-bauvermittlung.de\/blog\/wp-json\/wp\/v2\/pages"}],"about":[{"href":"https:\/\/www.deutsche-bauvermittlung.de\/blog\/wp-json\/wp\/v2\/types\/page"}],"author":[{"embeddable":true,"href":"https:\/\/www.deutsche-bauvermittlung.de\/blog\/wp-json\/wp\/v2\/users\/1"}],"replies":[{"embeddable":true,"href":"https:\/\/www.deutsche-bauvermittlung.de\/blog\/wp-json\/wp\/v2\/comments?post=6082"}],"version-history":[{"count":8,"href":"https:\/\/www.deutsche-bauvermittlung.de\/blog\/wp-json\/wp\/v2\/pages\/6082\/revisions"}],"predecessor-version":[{"id":10751,"href":"https:\/\/www.deutsche-bauvermittlung.de\/blog\/wp-json\/wp\/v2\/pages\/6082\/revisions\/10751"}],"wp:attachment":[{"href":"https:\/\/www.deutsche-bauvermittlung.de\/blog\/wp-json\/wp\/v2\/media?parent=6082"}],"curies":[{"name":"wp","href":"https:\/\/api.w.org\/{rel}","templated":true}]}}