{"id":21,"date":"2017-01-04T12:36:14","date_gmt":"2017-01-04T11:36:14","guid":{"rendered":"http:\/\/www.deutsche-bauvermittlung.de\/blog\/?page_id=21"},"modified":"2022-09-02T12:35:01","modified_gmt":"2022-09-02T10:35:01","slug":"kontakt","status":"publish","type":"page","link":"https:\/\/www.deutsche-bauvermittlung.de\/blog\/kontakt\/","title":{"rendered":"Kontakt"},"content":{"rendered":"<h2>Suchen Sie eine L\u00f6sung f\u00fcr Ihr Problem?<\/h2>\n<p>Wir haben eine! Nutzen Sie unseren kostenlosen Vermittlungsservice. Beschreiben Sie uns Ihr Problem in nur 2 Minuten durch unseren Fragebogen und erhalten Sie bis zu drei Angebote von gepr\u00fcften Fachbetrieben aus Ihrer Region.<\/p>\n<p>Jetzt Fragebogen beantworten und Angebote einholen<\/p>\n<p>[mks_button size=&#8220;medium&#8220; title=&#8220;Zum Fragebogen&#8220; style=&#8220;squared&#8220; url=&#8220;https:\/\/www.deutsche-bauvermittlung.de\/blog\/angebotsvergleich\/&#8220; target=&#8220;_self&#8220; bg_color=&#8220;#ff6600&#8243; txt_color=&#8220;#FFFFFF&#8220; icon=&#8220;&#8220; icon_type=&#8220;&#8220; nofollow=&#8220;0&#8243;]<\/p>\n<hr \/>\n<h2>Sie m\u00f6chten Anbieter im Netzwerk der Deutschen Bauvermittlung werden?<\/h2>\n<p>Erhalten Sie regelm\u00e4\u00dfig hochwertige Anfragen im Bereich Bautenschutz, Geb\u00e4ude- und Kellerabdichtung. Weitere Infos hierzu finden Sie auf der Seite &#8222;Anbieter werden&#8220;.<\/p>\n<p>[mks_button size=&#8220;medium&#8220; title=&#8220;Anbieter werden&#8220; url=&#8220;https:\/\/www.deutsche-bauvermittlung.de\/blog\/abdichtungsfirma-anmelden\/&#8220; target=&#8220;_self&#8220; bg_color=&#8220;#ff6600&#8243; txt_color=&#8220;#FFFFFF&#8220; icon=&#8220;&#8220; icon_type=&#8220;&#8220; nofollow=&#8220;0&#8243;]<\/p>\n","protected":false},"excerpt":{"rendered":"<p>Suchen Sie eine L\u00f6sung f\u00fcr Ihr Problem? Wir haben eine! Nutzen Sie unseren kostenlosen Vermittlungsservice. Beschreiben Sie uns Ihr Problem in nur 2 Minuten durch unseren Fragebogen und erhalten Sie bis zu drei Angebote von gepr\u00fcften Fachbetrieben aus Ihrer Region. Jetzt Fragebogen beantworten und Angebote einholen [mks_button size=&#8220;medium&#8220; title=&#8220;Zum Fragebogen&#8220; style=&#8220;squared&#8220; url=&#8220;https:\/\/www.deutsche-bauvermittlung.de\/blog\/angebotsvergleich\/&#8220; target=&#8220;_self&#8220; bg_color=&#8220;#ff6600&#8243; txt_color=&#8220;#FFFFFF&#8220; [&hellip;]<\/p>\n","protected":false},"author":1,"featured_media":166,"parent":0,"menu_order":0,"comment_status":"closed","ping_status":"closed","template":"","meta":{"_acf_changed":false,"footnotes":""},"class_list":["post-21","page","type-page","status-publish","has-post-thumbnail","hentry"],"acf":[],"yoast_head":"<!-- This site is optimized with the Yoast SEO plugin v27.6 - https:\/\/yoast.com\/product\/yoast-seo-wordpress\/ -->\n<title>Kontakt - Deutsche Bauvermittlung<\/title>\n<meta name=\"description\" content=\"\u2752 Schreiben Sie uns \u00fcber unser Kontaktformular oder rufen Sie uns an. Wir freuen uns auf Ihre Nachricht und melden uns unverz\u00fcglich zur\u00fcck.\" \/>\n<meta name=\"robots\" content=\"index, follow, max-snippet:-1, max-image-preview:large, max-video-preview:-1\" \/>\n<link rel=\"canonical\" href=\"https:\/\/www.deutsche-bauvermittlung.de\/blog\/kontakt\/\" \/>\n<meta property=\"og:locale\" content=\"de_DE\" \/>\n<meta property=\"og:type\" content=\"article\" \/>\n<meta property=\"og:title\" content=\"Kontakt - Deutsche Bauvermittlung\" \/>\n<meta property=\"og:description\" content=\"\u2752 Schreiben Sie uns \u00fcber unser Kontaktformular oder rufen Sie uns an. Wir freuen uns auf Ihre Nachricht und melden uns unverz\u00fcglich zur\u00fcck.\" \/>\n<meta property=\"og:url\" content=\"https:\/\/www.deutsche-bauvermittlung.de\/blog\/kontakt\/\" \/>\n<meta property=\"og:site_name\" content=\"Deutsche Bauvermittlung\" \/>\n<meta property=\"article:modified_time\" content=\"2022-09-02T10:35:01+00:00\" \/>\n<meta property=\"og:image\" content=\"https:\/\/www.deutsche-bauvermittlung.de\/blog\/wp-content\/uploads\/2017\/06\/stausee_abdichtung.jpg\" \/>\n\t<meta property=\"og:image:width\" content=\"1920\" \/>\n\t<meta property=\"og:image:height\" content=\"1439\" \/>\n\t<meta property=\"og:image:type\" content=\"image\/jpeg\" \/>\n<meta name=\"twitter:card\" content=\"summary_large_image\" \/>\n<meta name=\"twitter:label1\" content=\"Gesch\u00e4tzte Lesezeit\" \/>\n\t<meta name=\"twitter:data1\" content=\"1\u00a0Minute\" \/>\n<script type=\"application\/ld+json\" class=\"yoast-schema-graph\">{\"@context\":\"https:\\\/\\\/schema.org\",\"@graph\":[{\"@type\":\"WebPage\",\"@id\":\"https:\\\/\\\/www.deutsche-bauvermittlung.de\\\/blog\\\/kontakt\\\/\",\"url\":\"https:\\\/\\\/www.deutsche-bauvermittlung.de\\\/blog\\\/kontakt\\\/\",\"name\":\"Kontakt - Deutsche Bauvermittlung\",\"isPartOf\":{\"@id\":\"https:\\\/\\\/www.deutsche-bauvermittlung.de\\\/blog\\\/#website\"},\"primaryImageOfPage\":{\"@id\":\"https:\\\/\\\/www.deutsche-bauvermittlung.de\\\/blog\\\/kontakt\\\/#primaryimage\"},\"image\":{\"@id\":\"https:\\\/\\\/www.deutsche-bauvermittlung.de\\\/blog\\\/kontakt\\\/#primaryimage\"},\"thumbnailUrl\":\"https:\\\/\\\/www.deutsche-bauvermittlung.de\\\/blog\\\/wp-content\\\/uploads\\\/2017\\\/06\\\/stausee_abdichtung.jpg\",\"datePublished\":\"2017-01-04T11:36:14+00:00\",\"dateModified\":\"2022-09-02T10:35:01+00:00\",\"description\":\"\u2752 Schreiben Sie uns \u00fcber unser Kontaktformular oder rufen Sie uns an. Wir freuen uns auf Ihre Nachricht und melden uns unverz\u00fcglich zur\u00fcck.\",\"breadcrumb\":{\"@id\":\"https:\\\/\\\/www.deutsche-bauvermittlung.de\\\/blog\\\/kontakt\\\/#breadcrumb\"},\"inLanguage\":\"de\",\"potentialAction\":[{\"@type\":\"ReadAction\",\"target\":[\"https:\\\/\\\/www.deutsche-bauvermittlung.de\\\/blog\\\/kontakt\\\/\"]}]},{\"@type\":\"ImageObject\",\"inLanguage\":\"de\",\"@id\":\"https:\\\/\\\/www.deutsche-bauvermittlung.de\\\/blog\\\/kontakt\\\/#primaryimage\",\"url\":\"https:\\\/\\\/www.deutsche-bauvermittlung.de\\\/blog\\\/wp-content\\\/uploads\\\/2017\\\/06\\\/stausee_abdichtung.jpg\",\"contentUrl\":\"https:\\\/\\\/www.deutsche-bauvermittlung.de\\\/blog\\\/wp-content\\\/uploads\\\/2017\\\/06\\\/stausee_abdichtung.jpg\",\"width\":1920,\"height\":1439},{\"@type\":\"BreadcrumbList\",\"@id\":\"https:\\\/\\\/www.deutsche-bauvermittlung.de\\\/blog\\\/kontakt\\\/#breadcrumb\",\"itemListElement\":[{\"@type\":\"ListItem\",\"position\":1,\"name\":\"Startseite\",\"item\":\"https:\\\/\\\/www.deutsche-bauvermittlung.de\\\/blog\\\/\"},{\"@type\":\"ListItem\",\"position\":2,\"name\":\"Kontakt\"}]},{\"@type\":\"WebSite\",\"@id\":\"https:\\\/\\\/www.deutsche-bauvermittlung.de\\\/blog\\\/#website\",\"url\":\"https:\\\/\\\/www.deutsche-bauvermittlung.de\\\/blog\\\/\",\"name\":\"Deutsche Bauvermittlung\",\"description\":\"Blog\",\"publisher\":{\"@id\":\"https:\\\/\\\/www.deutsche-bauvermittlung.de\\\/blog\\\/#organization\"},\"potentialAction\":[{\"@type\":\"SearchAction\",\"target\":{\"@type\":\"EntryPoint\",\"urlTemplate\":\"https:\\\/\\\/www.deutsche-bauvermittlung.de\\\/blog\\\/?s={search_term_string}\"},\"query-input\":{\"@type\":\"PropertyValueSpecification\",\"valueRequired\":true,\"valueName\":\"search_term_string\"}}],\"inLanguage\":\"de\"},{\"@type\":\"Organization\",\"@id\":\"https:\\\/\\\/www.deutsche-bauvermittlung.de\\\/blog\\\/#organization\",\"name\":\"Deutsche Bauvermittlung\",\"url\":\"https:\\\/\\\/www.deutsche-bauvermittlung.de\\\/blog\\\/\",\"logo\":{\"@type\":\"ImageObject\",\"inLanguage\":\"de\",\"@id\":\"https:\\\/\\\/www.deutsche-bauvermittlung.de\\\/blog\\\/#\\\/schema\\\/logo\\\/image\\\/\",\"url\":\"https:\\\/\\\/www.deutsche-bauvermittlung.de\\\/blog\\\/wp-content\\\/uploads\\\/2017\\\/01\\\/logo_80px.png\",\"contentUrl\":\"https:\\\/\\\/www.deutsche-bauvermittlung.de\\\/blog\\\/wp-content\\\/uploads\\\/2017\\\/01\\\/logo_80px.png\",\"width\":414,\"height\":80,\"caption\":\"Deutsche Bauvermittlung\"},\"image\":{\"@id\":\"https:\\\/\\\/www.deutsche-bauvermittlung.de\\\/blog\\\/#\\\/schema\\\/logo\\\/image\\\/\"},\"sameAs\":[\"https:\\\/\\\/www.youtube.com\\\/channel\\\/UC34f2t0GUSiJkw-WVCBClEg\"]}]}<\/script>\n<!-- \/ Yoast SEO plugin. -->","yoast_head_json":{"title":"Kontakt - Deutsche Bauvermittlung","description":"\u2752 Schreiben Sie uns \u00fcber unser Kontaktformular oder rufen Sie uns an. Wir freuen uns auf Ihre Nachricht und melden uns unverz\u00fcglich zur\u00fcck.","robots":{"index":"index","follow":"follow","max-snippet":"max-snippet:-1","max-image-preview":"max-image-preview:large","max-video-preview":"max-video-preview:-1"},"canonical":"https:\/\/www.deutsche-bauvermittlung.de\/blog\/kontakt\/","og_locale":"de_DE","og_type":"article","og_title":"Kontakt - Deutsche Bauvermittlung","og_description":"\u2752 Schreiben Sie uns \u00fcber unser Kontaktformular oder rufen Sie uns an. Wir freuen uns auf Ihre Nachricht und melden uns unverz\u00fcglich zur\u00fcck.","og_url":"https:\/\/www.deutsche-bauvermittlung.de\/blog\/kontakt\/","og_site_name":"Deutsche Bauvermittlung","article_modified_time":"2022-09-02T10:35:01+00:00","og_image":[{"width":1920,"height":1439,"url":"https:\/\/www.deutsche-bauvermittlung.de\/blog\/wp-content\/uploads\/2017\/06\/stausee_abdichtung.jpg","type":"image\/jpeg"}],"twitter_card":"summary_large_image","twitter_misc":{"Gesch\u00e4tzte Lesezeit":"1\u00a0Minute"},"schema":{"@context":"https:\/\/schema.org","@graph":[{"@type":"WebPage","@id":"https:\/\/www.deutsche-bauvermittlung.de\/blog\/kontakt\/","url":"https:\/\/www.deutsche-bauvermittlung.de\/blog\/kontakt\/","name":"Kontakt - Deutsche Bauvermittlung","isPartOf":{"@id":"https:\/\/www.deutsche-bauvermittlung.de\/blog\/#website"},"primaryImageOfPage":{"@id":"https:\/\/www.deutsche-bauvermittlung.de\/blog\/kontakt\/#primaryimage"},"image":{"@id":"https:\/\/www.deutsche-bauvermittlung.de\/blog\/kontakt\/#primaryimage"},"thumbnailUrl":"https:\/\/www.deutsche-bauvermittlung.de\/blog\/wp-content\/uploads\/2017\/06\/stausee_abdichtung.jpg","datePublished":"2017-01-04T11:36:14+00:00","dateModified":"2022-09-02T10:35:01+00:00","description":"\u2752 Schreiben Sie uns \u00fcber unser Kontaktformular oder rufen Sie uns an. Wir freuen uns auf Ihre Nachricht und melden uns unverz\u00fcglich zur\u00fcck.","breadcrumb":{"@id":"https:\/\/www.deutsche-bauvermittlung.de\/blog\/kontakt\/#breadcrumb"},"inLanguage":"de","potentialAction":[{"@type":"ReadAction","target":["https:\/\/www.deutsche-bauvermittlung.de\/blog\/kontakt\/"]}]},{"@type":"ImageObject","inLanguage":"de","@id":"https:\/\/www.deutsche-bauvermittlung.de\/blog\/kontakt\/#primaryimage","url":"https:\/\/www.deutsche-bauvermittlung.de\/blog\/wp-content\/uploads\/2017\/06\/stausee_abdichtung.jpg","contentUrl":"https:\/\/www.deutsche-bauvermittlung.de\/blog\/wp-content\/uploads\/2017\/06\/stausee_abdichtung.jpg","width":1920,"height":1439},{"@type":"BreadcrumbList","@id":"https:\/\/www.deutsche-bauvermittlung.de\/blog\/kontakt\/#breadcrumb","itemListElement":[{"@type":"ListItem","position":1,"name":"Startseite","item":"https:\/\/www.deutsche-bauvermittlung.de\/blog\/"},{"@type":"ListItem","position":2,"name":"Kontakt"}]},{"@type":"WebSite","@id":"https:\/\/www.deutsche-bauvermittlung.de\/blog\/#website","url":"https:\/\/www.deutsche-bauvermittlung.de\/blog\/","name":"Deutsche Bauvermittlung","description":"Blog","publisher":{"@id":"https:\/\/www.deutsche-bauvermittlung.de\/blog\/#organization"},"potentialAction":[{"@type":"SearchAction","target":{"@type":"EntryPoint","urlTemplate":"https:\/\/www.deutsche-bauvermittlung.de\/blog\/?s={search_term_string}"},"query-input":{"@type":"PropertyValueSpecification","valueRequired":true,"valueName":"search_term_string"}}],"inLanguage":"de"},{"@type":"Organization","@id":"https:\/\/www.deutsche-bauvermittlung.de\/blog\/#organization","name":"Deutsche Bauvermittlung","url":"https:\/\/www.deutsche-bauvermittlung.de\/blog\/","logo":{"@type":"ImageObject","inLanguage":"de","@id":"https:\/\/www.deutsche-bauvermittlung.de\/blog\/#\/schema\/logo\/image\/","url":"https:\/\/www.deutsche-bauvermittlung.de\/blog\/wp-content\/uploads\/2017\/01\/logo_80px.png","contentUrl":"https:\/\/www.deutsche-bauvermittlung.de\/blog\/wp-content\/uploads\/2017\/01\/logo_80px.png","width":414,"height":80,"caption":"Deutsche Bauvermittlung"},"image":{"@id":"https:\/\/www.deutsche-bauvermittlung.de\/blog\/#\/schema\/logo\/image\/"},"sameAs":["https:\/\/www.youtube.com\/channel\/UC34f2t0GUSiJkw-WVCBClEg"]}]}},"brizy_media":[],"_links":{"self":[{"href":"https:\/\/www.deutsche-bauvermittlung.de\/blog\/wp-json\/wp\/v2\/pages\/21","targetHints":{"allow":["GET"]}}],"collection":[{"href":"https:\/\/www.deutsche-bauvermittlung.de\/blog\/wp-json\/wp\/v2\/pages"}],"about":[{"href":"https:\/\/www.deutsche-bauvermittlung.de\/blog\/wp-json\/wp\/v2\/types\/page"}],"author":[{"embeddable":true,"href":"https:\/\/www.deutsche-bauvermittlung.de\/blog\/wp-json\/wp\/v2\/users\/1"}],"replies":[{"embeddable":true,"href":"https:\/\/www.deutsche-bauvermittlung.de\/blog\/wp-json\/wp\/v2\/comments?post=21"}],"version-history":[{"count":13,"href":"https:\/\/www.deutsche-bauvermittlung.de\/blog\/wp-json\/wp\/v2\/pages\/21\/revisions"}],"predecessor-version":[{"id":9610,"href":"https:\/\/www.deutsche-bauvermittlung.de\/blog\/wp-json\/wp\/v2\/pages\/21\/revisions\/9610"}],"wp:featuredmedia":[{"embeddable":true,"href":"https:\/\/www.deutsche-bauvermittlung.de\/blog\/wp-json\/wp\/v2\/media\/166"}],"wp:attachment":[{"href":"https:\/\/www.deutsche-bauvermittlung.de\/blog\/wp-json\/wp\/v2\/media?parent=21"}],"curies":[{"name":"wp","href":"https:\/\/api.w.org\/{rel}","templated":true}]}}