{"id":11,"date":"2017-01-04T11:41:33","date_gmt":"2017-01-04T10:41:33","guid":{"rendered":"http:\/\/www.deutsche-bauvermittlung.de\/blog\/?page_id=11"},"modified":"2026-03-22T20:19:32","modified_gmt":"2026-03-22T19:19:32","slug":"impressum","status":"publish","type":"page","link":"https:\/\/www.deutsche-bauvermittlung.de\/blog\/impressum\/","title":{"rendered":"Impressum"},"content":{"rendered":"\n<div class=\"wp-block-buttons is-layout-flex wp-block-buttons-is-layout-flex\">\n<div class=\"wp-block-button\"><a class=\"wp-block-button__link\" href=\"\/blog\/anbieter-werden\/\">Anbieter werden &amp; Auftr\u00e4ge kriegen<\/a><\/div>\n<\/div>\n\n\n\n<div style=\"height:20px\" aria-hidden=\"true\" class=\"wp-block-spacer\"><\/div>\n\n\n<h3>Angaben gem\u00e4\u00df \u00a7 5 TMG:<\/h3>\n<p><strong>Deutsche-Bauvermittlung.de<\/strong><\/p>\n<p>Ein Service\u00a0von:<\/p>\n<p>Epsilon Operations GmbH<br \/>Hagenstra\u00dfe 41<br \/>D-48529 Nordhorn<\/p>\n<p>Vertretungsberechtigte Inhaber:<br \/>Patrick Mertz<br \/>Andr\u00e9 Jonker<br \/>Mathis L\u00fcbbers<\/p>\n<h3>Kontakt<\/h3>\n<p>E-Mail: info@deutsche-bauvermittlung.de<\/p>\n<p>Telefon: +49 (0) 5921 811 99 86<\/p>\n<h3>Bildquellen<\/h3>\n<p>\u00a9 geralt \/ pixabay.com<\/p>\n<p>\u00a9 capri23auto \/ pixabay.com<\/p>\n<p>\u00a9 Zerocool \/ pixabay.com<\/p>\n<p>\u00a9 blickpixel \/ pixabay.com<\/p>\n<p>\u00a9 kobthanapong \/ pixabay.com<\/p>\n<p>\u00a9 Devanath \/ pixabay.com<\/p>\n<p>\u00a9 mohamed_hassan \/ pixabay.com<\/p>\n<p>\u00a9 AnnieSpratt \/ pixabay.com<\/p>\n<p>\u00a9 PublicDomainPictures \/ pixabay.com<\/p>\n<p>\u00a9 Katrina_S \/ pixabay.com<\/p>\n<p>\u00a9 Pezibear \/ pixabay.com<\/p>\n<p>\u00a9 Hans \/ pixabay.com<\/p>\n<p>\u00a9 PIRO4D \/ pixabay.com<\/p>\n<p>\u00a9 Sciffer \/ pixabay.com<\/p>\n<p>\u00a9 analogycus \/ pixabay.com<\/p>\n<p>\u00a9 Pexels \/ pixabay.com<\/p>\n<p>\u00a9 Michael_Laut \/ pixabay.com<\/p>\n<p>\u00a9 Antranias \/ pixabay.com<\/p>\n<p>\u00a9 ekk814 \/ pixabay.com<\/p>\n<p>\u00a9 PublicDomainPictures \/ pixabay.com<\/p>\n<p>\u00a9 hpgruesen \/ pixabay.com<\/p>\n<p>\u00a9 PellissierJP \/ pixabay.com<\/p>\n<p>\u00a9 Predra6_Photos \/ pixabay.com<\/p>\n<p>\u00a9 Free_Photos \/ pixabay.com<\/p>\n<p>\u00a9 jarmoluk \/ pixabay.com<\/p>\n<p>\u00a9 uvlik05 \/ pixabay.com<\/p>\n<p>\u00a9 Free-Photos\u00a0 \/ pixabay.com<\/p>\n<p>\u00a9 PellissierJP\u00a0 \/ pixabay.com<\/p>\n<p>\u00a9 JESHOOTScom \/ pixabay.com<\/p>\n<p>\u00a9 sandid \/ pixabay.com<\/p>\n<p>\u00a9 ollis_picture \/ pixabay.com<\/p>\n<p>\u00a9 Projekt_Kaffeebart \/ pixabay.com<\/p>\n<p>\u00a9 Mapaalo \/ pixabay.com<\/p>\n<p>\u00a9 anaterate \/ pixabay.com<\/p>\n<p>\u00a9 Simon \/ pixabay.com<\/p>\n<p>\u00a9 Anemone123 \/ pixabay.com<\/p>\n<p>\u00a9 Perkons \/ pixabay.com<\/p>\n<p>\u00a9 34680 \/ pixabay.com<\/p>\n<p>\u00a9 MichaelGaida \/ pixabay.com<\/p>\n<p>\u00a9 paulbr75 \/ pixabay.com<\/p>\n<p>\u00a9 rawpixel \/ pixabay.com<\/p>\n<p>\u00a9 yourschantz \/ pixabay.com<\/p>\n<p>\u00a9 _Alicja_ \/ pixabay.com<\/p>\n<p>\u00a9 MabelAmber \/ pixabay.com<\/p>\n<p>\u00a9\u00a0bazinga1k980 \/ pixabay.com<\/p>\n<p>\u00a9 Victoria_Borodinova \/ pixabay.com<\/p>\n<p>\u00a9 anniegray\/ unsplash.com<\/p>\n<p>\u00a9 isaacmsmith\/ unsplash.com<\/p>\n<p>\u00a9 kschneider2991 \/ pixabay.com<\/p>\n<p>\u00a9 picjumbo_com \/ pixabay.com<\/p>\n<p>\u00a9 Jedom \/ pixabay.com<\/p>\n<p>\u00a9 Humusak \/ pixabay.com<\/p>\n<p>\u00a9 Goumbik \/ pixabay.com<\/p>\n<p>\u00a9 samuelcasion \/ pixabay.com<\/p>\n<p>\u00a9 Milivaj Kuhar \/ unsplash.com<\/p>\n<p>\u00a9 JerzyGorecki \/ pixabay.com<\/p>\n<p>\u00a9 redaquamedia \/ unsplash.com<\/p>\n<p>\u00a9 succo \/ pixabay.com<\/p>\n<p>\u00a9 jessica45 \/ pixabay.com<\/p>\n<p>\u00a9 survivor\/ pixabay.com<\/p>\n<p>\u00a9 justindkauffmann \/ unsplash.com<\/p>\n<h3>Haftungsausschluss (Disclaimer)<\/h3>\n<p>Haftung f\u00fcr Inhalte<\/p>\n<p>Als Diensteanbieter sind wir gem\u00e4\u00df \u00a7 7 Abs.1 TMG f\u00fcr eigene Inhalte auf diesen Seiten nach den allgemeinen Gesetzen verantwortlich. Nach \u00a7\u00a7 8 bis 10 TMG sind wir als Diensteanbieter jedoch nicht verpflichtet, \u00fcbermittelte oder gespeicherte fremde Informationen zu \u00fcberwachen oder nach Umst\u00e4nden zu forschen, die auf eine rechtswidrige T\u00e4tigkeit hinweisen. Verpflichtungen zur Entfernung oder Sperrung der Nutzung von Informationen nach den allgemeinen Gesetzen bleiben hiervon unber\u00fchrt. Eine diesbez\u00fcgliche Haftung ist jedoch erst ab dem Zeitpunkt der Kenntnis einer konkreten Rechtsverletzung m\u00f6glich. Bei Bekanntwerden von entsprechenden Rechtsverletzungen werden wir diese Inhalte umgehend entfernen.<\/p>\n<p>Haftung f\u00fcr Links<\/p>\n<p>Unser Angebot enth\u00e4lt Links zu externen Webseiten Dritter, auf deren Inhalte wir keinen Einfluss haben. Deshalb k\u00f6nnen wir f\u00fcr diese fremden Inhalte auch keine Gew\u00e4hr \u00fcbernehmen. F\u00fcr die Inhalte der verlinkten Seiten ist stets der jeweilige Anbieter oder Betreiber der Seiten verantwortlich. Die verlinkten Seiten wurden zum Zeitpunkt der Verlinkung auf m\u00f6gliche Rechtsverst\u00f6\u00dfe \u00fcberpr\u00fcft. Rechtswidrige Inhalte waren zum Zeitpunkt der Verlinkung nicht erkennbar. Eine permanente inhaltliche Kontrolle der verlinkten Seiten ist jedoch ohne konkrete Anhaltspunkte einer Rechtsverletzung nicht zumutbar. Bei Bekanntwerden von Rechtsverletzungen werden wir derartige Links umgehend entfernen.<\/p>\n<p>Urheberrecht<\/p>\n<p>Die durch die Seitenbetreiber erstellten Inhalte und Werke auf diesen Seiten unterliegen dem deutschen Urheberrecht. Die Vervielf\u00e4ltigung, Bearbeitung, Verbreitung und jede Art der Verwertung au\u00dferhalb der Grenzen des Urheberrechtes bed\u00fcrfen der schriftlichen Zustimmung des jeweiligen Autors bzw. Erstellers. Downloads und Kopien dieser Seite sind nur f\u00fcr den privaten, nicht kommerziellen Gebrauch gestattet. Soweit die Inhalte auf dieser Seite nicht vom Betreiber erstellt wurden, werden die Urheberrechte Dritter beachtet. Insbesondere werden Inhalte Dritter als solche gekennzeichnet. Sollten Sie trotzdem auf eine Urheberrechtsverletzung aufmerksam werden, bitten wir um einen entsprechenden Hinweis. Bei Bekanntwerden von Rechtsverletzungen werden wir derartige Inhalte umgehend entfernen.<\/p>\n<p><em>Quellverweis:\u00a0<a href=\"http:\/\/www.e-recht24.de\/muster-disclaimer.html\" target=\"_blank\" rel=\"nofollow noopener noreferrer\">eRecht24<\/a><\/em><\/p>","protected":false},"excerpt":{"rendered":"<p>Angaben gem\u00e4\u00df \u00a7 5 TMG: Deutsche-Bauvermittlung.de Ein Service\u00a0von: Epsilon Operations GmbHHagenstra\u00dfe 41D-48529 Nordhorn Vertretungsberechtigte Inhaber:Patrick MertzAndr\u00e9 JonkerMathis L\u00fcbbers Kontakt E-Mail: info@deutsche-bauvermittlung.de Telefon: +49 (0) 5921 811 99 86 Bildquellen \u00a9 geralt \/ pixabay.com \u00a9 capri23auto \/ pixabay.com \u00a9 Zerocool \/ pixabay.com \u00a9 blickpixel \/ pixabay.com \u00a9 kobthanapong \/ pixabay.com \u00a9 Devanath \/ pixabay.com \u00a9 mohamed_hassan [&hellip;]<\/p>\n","protected":false},"author":1,"featured_media":0,"parent":0,"menu_order":0,"comment_status":"closed","ping_status":"closed","template":"","meta":{"_acf_changed":false,"footnotes":""},"class_list":["post-11","page","type-page","status-publish","hentry"],"acf":[],"yoast_head":"<!-- This site is optimized with the Yoast SEO plugin v27.6 - https:\/\/yoast.com\/product\/yoast-seo-wordpress\/ -->\n<title>Impressum - Deutsche Bauvermittlung<\/title>\n<meta name=\"description\" content=\"Angaben gem\u00e4\u00df \u00a7 5 TMG: Deutsche-Bauvermittlung.de - info@deutsche-bauvermittlung.de - Das Impressum der Deutschen Bauvermittlung\" \/>\n<meta name=\"robots\" content=\"noindex, follow\" \/>\n<meta property=\"og:locale\" content=\"de_DE\" \/>\n<meta property=\"og:type\" content=\"article\" \/>\n<meta property=\"og:title\" content=\"Impressum - Deutsche Bauvermittlung\" \/>\n<meta property=\"og:description\" content=\"Angaben gem\u00e4\u00df \u00a7 5 TMG: Deutsche-Bauvermittlung.de - info@deutsche-bauvermittlung.de - Das Impressum der Deutschen Bauvermittlung\" \/>\n<meta property=\"og:url\" content=\"https:\/\/www.deutsche-bauvermittlung.de\/blog\/impressum\/\" \/>\n<meta property=\"og:site_name\" content=\"Deutsche Bauvermittlung\" \/>\n<meta property=\"article:modified_time\" content=\"2026-03-22T19:19:32+00:00\" \/>\n<meta name=\"twitter:card\" content=\"summary_large_image\" \/>\n<meta name=\"twitter:label1\" content=\"Gesch\u00e4tzte Lesezeit\" \/>\n\t<meta name=\"twitter:data1\" content=\"4\u00a0Minuten\" \/>\n<script type=\"application\/ld+json\" class=\"yoast-schema-graph\">{\"@context\":\"https:\\\/\\\/schema.org\",\"@graph\":[{\"@type\":\"WebPage\",\"@id\":\"https:\\\/\\\/www.deutsche-bauvermittlung.de\\\/blog\\\/impressum\\\/\",\"url\":\"https:\\\/\\\/www.deutsche-bauvermittlung.de\\\/blog\\\/impressum\\\/\",\"name\":\"Impressum - Deutsche Bauvermittlung\",\"isPartOf\":{\"@id\":\"https:\\\/\\\/www.deutsche-bauvermittlung.de\\\/blog\\\/#website\"},\"datePublished\":\"2017-01-04T10:41:33+00:00\",\"dateModified\":\"2026-03-22T19:19:32+00:00\",\"description\":\"Angaben gem\u00e4\u00df \u00a7 5 TMG: Deutsche-Bauvermittlung.de - info@deutsche-bauvermittlung.de - Das Impressum der Deutschen Bauvermittlung\",\"breadcrumb\":{\"@id\":\"https:\\\/\\\/www.deutsche-bauvermittlung.de\\\/blog\\\/impressum\\\/#breadcrumb\"},\"inLanguage\":\"de\",\"potentialAction\":[{\"@type\":\"ReadAction\",\"target\":[\"https:\\\/\\\/www.deutsche-bauvermittlung.de\\\/blog\\\/impressum\\\/\"]}]},{\"@type\":\"BreadcrumbList\",\"@id\":\"https:\\\/\\\/www.deutsche-bauvermittlung.de\\\/blog\\\/impressum\\\/#breadcrumb\",\"itemListElement\":[{\"@type\":\"ListItem\",\"position\":1,\"name\":\"Startseite\",\"item\":\"https:\\\/\\\/www.deutsche-bauvermittlung.de\\\/blog\\\/\"},{\"@type\":\"ListItem\",\"position\":2,\"name\":\"Impressum\"}]},{\"@type\":\"WebSite\",\"@id\":\"https:\\\/\\\/www.deutsche-bauvermittlung.de\\\/blog\\\/#website\",\"url\":\"https:\\\/\\\/www.deutsche-bauvermittlung.de\\\/blog\\\/\",\"name\":\"Deutsche Bauvermittlung\",\"description\":\"Blog\",\"publisher\":{\"@id\":\"https:\\\/\\\/www.deutsche-bauvermittlung.de\\\/blog\\\/#organization\"},\"potentialAction\":[{\"@type\":\"SearchAction\",\"target\":{\"@type\":\"EntryPoint\",\"urlTemplate\":\"https:\\\/\\\/www.deutsche-bauvermittlung.de\\\/blog\\\/?s={search_term_string}\"},\"query-input\":{\"@type\":\"PropertyValueSpecification\",\"valueRequired\":true,\"valueName\":\"search_term_string\"}}],\"inLanguage\":\"de\"},{\"@type\":\"Organization\",\"@id\":\"https:\\\/\\\/www.deutsche-bauvermittlung.de\\\/blog\\\/#organization\",\"name\":\"Deutsche Bauvermittlung\",\"url\":\"https:\\\/\\\/www.deutsche-bauvermittlung.de\\\/blog\\\/\",\"logo\":{\"@type\":\"ImageObject\",\"inLanguage\":\"de\",\"@id\":\"https:\\\/\\\/www.deutsche-bauvermittlung.de\\\/blog\\\/#\\\/schema\\\/logo\\\/image\\\/\",\"url\":\"https:\\\/\\\/www.deutsche-bauvermittlung.de\\\/blog\\\/wp-content\\\/uploads\\\/2017\\\/01\\\/logo_80px.png\",\"contentUrl\":\"https:\\\/\\\/www.deutsche-bauvermittlung.de\\\/blog\\\/wp-content\\\/uploads\\\/2017\\\/01\\\/logo_80px.png\",\"width\":414,\"height\":80,\"caption\":\"Deutsche Bauvermittlung\"},\"image\":{\"@id\":\"https:\\\/\\\/www.deutsche-bauvermittlung.de\\\/blog\\\/#\\\/schema\\\/logo\\\/image\\\/\"},\"sameAs\":[\"https:\\\/\\\/www.youtube.com\\\/channel\\\/UC34f2t0GUSiJkw-WVCBClEg\"]}]}<\/script>\n<!-- \/ Yoast SEO plugin. -->","yoast_head_json":{"title":"Impressum - Deutsche Bauvermittlung","description":"Angaben gem\u00e4\u00df \u00a7 5 TMG: Deutsche-Bauvermittlung.de - info@deutsche-bauvermittlung.de - Das Impressum der Deutschen Bauvermittlung","robots":{"index":"noindex","follow":"follow"},"og_locale":"de_DE","og_type":"article","og_title":"Impressum - Deutsche Bauvermittlung","og_description":"Angaben gem\u00e4\u00df \u00a7 5 TMG: Deutsche-Bauvermittlung.de - info@deutsche-bauvermittlung.de - Das Impressum der Deutschen Bauvermittlung","og_url":"https:\/\/www.deutsche-bauvermittlung.de\/blog\/impressum\/","og_site_name":"Deutsche Bauvermittlung","article_modified_time":"2026-03-22T19:19:32+00:00","twitter_card":"summary_large_image","twitter_misc":{"Gesch\u00e4tzte Lesezeit":"4\u00a0Minuten"},"schema":{"@context":"https:\/\/schema.org","@graph":[{"@type":"WebPage","@id":"https:\/\/www.deutsche-bauvermittlung.de\/blog\/impressum\/","url":"https:\/\/www.deutsche-bauvermittlung.de\/blog\/impressum\/","name":"Impressum - Deutsche Bauvermittlung","isPartOf":{"@id":"https:\/\/www.deutsche-bauvermittlung.de\/blog\/#website"},"datePublished":"2017-01-04T10:41:33+00:00","dateModified":"2026-03-22T19:19:32+00:00","description":"Angaben gem\u00e4\u00df \u00a7 5 TMG: Deutsche-Bauvermittlung.de - info@deutsche-bauvermittlung.de - Das Impressum der Deutschen Bauvermittlung","breadcrumb":{"@id":"https:\/\/www.deutsche-bauvermittlung.de\/blog\/impressum\/#breadcrumb"},"inLanguage":"de","potentialAction":[{"@type":"ReadAction","target":["https:\/\/www.deutsche-bauvermittlung.de\/blog\/impressum\/"]}]},{"@type":"BreadcrumbList","@id":"https:\/\/www.deutsche-bauvermittlung.de\/blog\/impressum\/#breadcrumb","itemListElement":[{"@type":"ListItem","position":1,"name":"Startseite","item":"https:\/\/www.deutsche-bauvermittlung.de\/blog\/"},{"@type":"ListItem","position":2,"name":"Impressum"}]},{"@type":"WebSite","@id":"https:\/\/www.deutsche-bauvermittlung.de\/blog\/#website","url":"https:\/\/www.deutsche-bauvermittlung.de\/blog\/","name":"Deutsche Bauvermittlung","description":"Blog","publisher":{"@id":"https:\/\/www.deutsche-bauvermittlung.de\/blog\/#organization"},"potentialAction":[{"@type":"SearchAction","target":{"@type":"EntryPoint","urlTemplate":"https:\/\/www.deutsche-bauvermittlung.de\/blog\/?s={search_term_string}"},"query-input":{"@type":"PropertyValueSpecification","valueRequired":true,"valueName":"search_term_string"}}],"inLanguage":"de"},{"@type":"Organization","@id":"https:\/\/www.deutsche-bauvermittlung.de\/blog\/#organization","name":"Deutsche Bauvermittlung","url":"https:\/\/www.deutsche-bauvermittlung.de\/blog\/","logo":{"@type":"ImageObject","inLanguage":"de","@id":"https:\/\/www.deutsche-bauvermittlung.de\/blog\/#\/schema\/logo\/image\/","url":"https:\/\/www.deutsche-bauvermittlung.de\/blog\/wp-content\/uploads\/2017\/01\/logo_80px.png","contentUrl":"https:\/\/www.deutsche-bauvermittlung.de\/blog\/wp-content\/uploads\/2017\/01\/logo_80px.png","width":414,"height":80,"caption":"Deutsche Bauvermittlung"},"image":{"@id":"https:\/\/www.deutsche-bauvermittlung.de\/blog\/#\/schema\/logo\/image\/"},"sameAs":["https:\/\/www.youtube.com\/channel\/UC34f2t0GUSiJkw-WVCBClEg"]}]}},"brizy_media":[],"_links":{"self":[{"href":"https:\/\/www.deutsche-bauvermittlung.de\/blog\/wp-json\/wp\/v2\/pages\/11","targetHints":{"allow":["GET"]}}],"collection":[{"href":"https:\/\/www.deutsche-bauvermittlung.de\/blog\/wp-json\/wp\/v2\/pages"}],"about":[{"href":"https:\/\/www.deutsche-bauvermittlung.de\/blog\/wp-json\/wp\/v2\/types\/page"}],"author":[{"embeddable":true,"href":"https:\/\/www.deutsche-bauvermittlung.de\/blog\/wp-json\/wp\/v2\/users\/1"}],"replies":[{"embeddable":true,"href":"https:\/\/www.deutsche-bauvermittlung.de\/blog\/wp-json\/wp\/v2\/comments?post=11"}],"version-history":[{"count":60,"href":"https:\/\/www.deutsche-bauvermittlung.de\/blog\/wp-json\/wp\/v2\/pages\/11\/revisions"}],"predecessor-version":[{"id":10148,"href":"https:\/\/www.deutsche-bauvermittlung.de\/blog\/wp-json\/wp\/v2\/pages\/11\/revisions\/10148"}],"wp:attachment":[{"href":"https:\/\/www.deutsche-bauvermittlung.de\/blog\/wp-json\/wp\/v2\/media?parent=11"}],"curies":[{"name":"wp","href":"https:\/\/api.w.org\/{rel}","templated":true}]}}